{"id":15620,"date":"2025-05-15T21:02:33","date_gmt":"2025-05-15T21:02:33","guid":{"rendered":"https:\/\/annajedurt.com.ar\/?post_type=product&#038;p=15620"},"modified":"2025-05-15T21:04:07","modified_gmt":"2025-05-15T21:04:07","slug":"blusa-micol","status":"publish","type":"product","link":"https:\/\/annajedurt.com.ar\/?product=blusa-micol","title":{"rendered":"BLUSA MICOL"},"content":{"rendered":"<p><strong>BLUSA MICOL<\/strong><\/p>\n<ul class=\"ul-style square icon-primary\">\n<li><em><strong>Confecci\u00f3n gasa estilo boho chic elegante dise\u00f1o \u00fanico\u00a0<\/strong><\/em><\/li>\n<li><em><strong>shabot en 6 capas\u00a0 todo el frente\u00a0<\/strong><\/em><\/li>\n<li><em><strong>abotonadura frontal , con laso de gasa\u00a0<\/strong><\/em><\/li>\n<li><em><strong>botones forrados de misma tela\u00a0<\/strong><\/em><\/li>\n<li><em><strong>pu\u00f1os shabot y cierre con bot\u00f3n forrado de misma tela\u00a0<\/strong><\/em><\/li>\n<li><em><strong>cuello mao\u00a0<\/strong><\/em><\/li>\n<\/ul>\n<p>&nbsp;<\/p>\n","protected":false},"excerpt":{"rendered":"<p>BLUSA\u00a0 MICOL<\/p>\n<p><img loading=\"lazy\" decoding=\"async\" class=\"alignnone size-full wp-image-12523\" src=\"https:\/\/annajedurt.com.ar\/wp-content\/uploads\/2020\/06\/Color_Blanco.png\" alt=\"\" width=\"30\" height=\"30\" \/><\/p>\n","protected":false},"featured_media":15598,"comment_status":"closed","ping_status":"closed","template":"","meta":[],"product_brand":[],"product_cat":[235,112],"product_tag":[],"class_list":{"0":"post-15620","1":"product","2":"type-product","3":"status-publish","4":"has-post-thumbnail","6":"product_cat-blusas","7":"product_cat-prendas-superiores","8":"pa_color-color-blanco","10":"first","11":"instock","12":"shipping-taxable","13":"purchasable","14":"product-type-variable"},"_links":{"self":[{"href":"https:\/\/annajedurt.com.ar\/index.php?rest_route=\/wp\/v2\/product\/15620","targetHints":{"allow":["GET"]}}],"collection":[{"href":"https:\/\/annajedurt.com.ar\/index.php?rest_route=\/wp\/v2\/product"}],"about":[{"href":"https:\/\/annajedurt.com.ar\/index.php?rest_route=\/wp\/v2\/types\/product"}],"replies":[{"embeddable":true,"href":"https:\/\/annajedurt.com.ar\/index.php?rest_route=%2Fwp%2Fv2%2Fcomments&post=15620"}],"wp:featuredmedia":[{"embeddable":true,"href":"https:\/\/annajedurt.com.ar\/index.php?rest_route=\/wp\/v2\/media\/15598"}],"wp:attachment":[{"href":"https:\/\/annajedurt.com.ar\/index.php?rest_route=%2Fwp%2Fv2%2Fmedia&parent=15620"}],"wp:term":[{"taxonomy":"product_brand","embeddable":true,"href":"https:\/\/annajedurt.com.ar\/index.php?rest_route=%2Fwp%2Fv2%2Fproduct_brand&post=15620"},{"taxonomy":"product_cat","embeddable":true,"href":"https:\/\/annajedurt.com.ar\/index.php?rest_route=%2Fwp%2Fv2%2Fproduct_cat&post=15620"},{"taxonomy":"product_tag","embeddable":true,"href":"https:\/\/annajedurt.com.ar\/index.php?rest_route=%2Fwp%2Fv2%2Fproduct_tag&post=15620"}],"curies":[{"name":"wp","href":"https:\/\/api.w.org\/{rel}","templated":true}]}}