{"id":760,"date":"2014-12-15T07:00:36","date_gmt":"2014-12-15T07:00:36","guid":{"rendered":"https:\/\/annajedurt.com.ar\/?page_id=760"},"modified":"2020-08-06T21:38:19","modified_gmt":"2020-08-06T21:38:19","slug":"preguntas-frecuentas","status":"publish","type":"page","link":"https:\/\/annajedurt.com.ar\/?page_id=760","title":{"rendered":"Preguntas Frecuentas"},"content":{"rendered":"<section class=\"wpb-content-wrapper\"><p>[vc_row full_width=&#8221;stretch_row_content_no_spaces&#8221; bg_type=&#8221;image&#8221; css=&#8221;.vc_custom_1592188985843{margin-top: -50px !important;padding-top: 80px !important;padding-bottom: 40px !important;background-image: url(https:\/\/annajedurt.com.ar\/wp-content\/uploads\/2020\/06\/Big_Background_4.jpg?id=12186) !important;}&#8221;][vc_column css=&#8221;.vc_custom_1513759806291{padding-bottom: 5% !important;}&#8221;][vc_column_text]<\/p>\n<h3 class=\"h3-big heading-font-2\">Preguntas<\/h3>\n<h1 class=\"h1-big\">FRECUENTES<\/h1>\n<p>[\/vc_column_text][\/vc_column][\/vc_row][vc_row full_width=&#8221;stretch_row&#8221; css=&#8221;.vc_custom_1499851125656{margin-top: -70px !important;padding-top: 80px !important;padding-bottom: 60px !important;background-color: #f9f9f9 !important;}&#8221;][vc_column][vc_toggle title=&#8221;1- \u00bfC\u00f3mo hago para comprar?&#8221; open=&#8221;true&#8221;]1- Naveg\u00e1 por las distintas categor\u00edas y hac\u00e9 click sobre el producto que te interese.<\/p>\n<p>2- Eleg\u00ed color ,talle y cantidad\u00a0 del producto elegido y luego hac\u00e9 click en el bot\u00f3n que dice &#8220;<strong>a\u00f1adir al carrito<\/strong>&#8220;.<\/p>\n<p>3- Tu producto fue agregado. Si quer\u00e9s agregar m\u00e1s productos, pod\u00e9s segu\u00edr navegando por el sitio y repetir el mismo proceso.<\/p>\n<p>4- All\u00ed aparecer\u00e1 en la parte superior una leyenda del producto elegido en color verde\u00a0 que indica que se ha a\u00f1adido a tu carrito y al lado de \u00e9ste un recuadro que dice <b>ver carrito<\/b> d\u00e1le click ah\u00ed.<\/p>\n<p>5- All\u00ed aparecer\u00e1 el resumen de tu compra (producto,color,talle, cantidad ,precio,etc) En caso de tener un c\u00f3digo de cup\u00f3n promocional c\u00e1rgalo en el recuadro correspondiente<br \/>\ny has click en <strong>aplicar cup\u00f3n , <\/strong>inmediatamente se actualizar\u00e1 el carrito.<\/p>\n<p>6- Verific\u00e1 que el pedido sea correcto y hac\u00e9 click en el bot\u00f3n <strong>finalizar compra<\/strong>.( o continuar comprando en el caso que lo desees , \u00e9sto te llevar\u00e1 a la tienda on line nuevamente para seguir comprando)<\/p>\n<p>7- Segu\u00ed las instrucciones completando los campos obligatorios ( detalles de facturaci\u00f3n :nombre ,apellido , domicilio, tel\u00e9fono, mail ,etc\u00a0 informacion del envio, m\u00e9todo de env\u00edo ,medios de pago, revisi\u00f3n del pedido ) y hac\u00e9 click en el bot\u00f3n indicado para continuar. Al finalizar tienes una informaci\u00f3n adiconal en caso que desees hacer alguna aclaraci\u00f3n en particular.<\/p>\n<p>8- Ser\u00e1s redirigido a una ventana de confirmaci\u00f3n del pedido y \u00a1listo!.<\/p>\n<p>9- Te mantendremos al tanto de tu pedido por email.<\/p>\n<p>&nbsp;<\/p>\n<p>[\/vc_toggle][vc_toggle title=&#8221;2- \u00bfPuedo retirar mi comprar en el local?&#8221;]S\u00ed, comunicate previamente por tel\u00e9fono al 0221-4220004 y no olvides concurrir con tu n\u00famero de pedido.[\/vc_toggle][vc_toggle title=&#8221;4- \u00bfCuando se confirma mi compra?&#8221;]Si pagas con tarjeta de cr\u00e9dito vas a recibir el mail de confirmaci\u00f3n dentro de las 24hs de realizada la compra , de igual manera si pagaste con tarjeta de\u00a0 d\u00e9bito o con Mercado Pago.[\/vc_toggle][vc_toggle title=&#8221;5- \u00bfC\u00f3mo cancelo mi compra?&#8221;]No se realizan cancelaciones de compra, solo s\u00ed devoluciones o cambios ya sea por talle, color o por cualquier otra prenda de temporada. De igual manera comunicate con nosotros al tel\u00e9fono 0221-4220004\u00a0 para saber los motivos y trataremos de encontrar una soluci\u00f3n. No olvides tener a mano t\u00fa n\u00famero de pedido.[\/vc_toggle][vc_toggle title=&#8221;6- \u00bfPuedo cambiar o devolver un producto?&#8221;]Los cambios podr\u00e1n realizarse dentro de los 15 d\u00edas de realizada la compra.<\/p>\n<p>Deber\u00e1n enviar o traer el producto al local (ubicado en calle 8 n\u00b0442) a cargo del comprador y el reenvi\u00f3 del nuevo producto corre por cuenta de la marca.<\/p>\n<p>El cambio se puede realizar por cualquier otro producto de la temporada.<\/p>\n<p>En caso de haber una diferencia a favor del cliente, se podr\u00e1 usar como parte de pago de otro producto o bien quedar\u00e1 a cuenta.<\/p>\n<p>Los productos deben encontrarse en el mismo estado en el que fueron enviados, con su etiqueta, packaging y bolsa correspondiente.<\/p>\n<p>En caso de tratarse de la devoluci\u00f3n de un producto en el sitio la misma deber\u00e1 gestionarse hasta 15 d\u00edas luego de haber recibido el paquete.<\/p>\n<p>Para m\u00e1s informaci\u00f3n o coordinar un cambio, por favor contactarse por tel\u00e9fono al (0221) 422.0004 o al whatsapp +54 9 221 5628452 o al email: info@annajedurt.com.ar<\/p>\n<p>[\/vc_toggle][vc_toggle title=&#8221;7- \u00bfEs necesario registrarme para realizar una compra?&#8221;]No es necesario registrarse para realizar una compra.[\/vc_toggle][vc_toggle title=&#8221;8- \u00bfPuedo comprar varios productos a la vez?&#8221;]Si puedes. Solo tienes que elegir la cantidad de productos a comprar sean estos de un mismo producto o de distintos productos y pagar el costo de env\u00edos por todos los productos. (y no por cada uno de ellos)[\/vc_toggle][vc_toggle title=&#8221;9- \u00bfEs seguro comprar en este sitio?&#8221;]S\u00ed, trabajamos con la plataforma de pago online l\u00edder de Am\u00e9rica Latina y garantiza la seguridad en todas las operaciones que se generen a trav\u00e9s de\u00a0 su sistema.[\/vc_toggle][vc_toggle title=&#8221;10- \u00bfHay alg\u00fan limite de compra?&#8221;]No, usted puede comprar la cantidad que desee de prendas disponibles en stock.[\/vc_toggle][vc_toggle title=&#8221;11- \u00bfQue tipo de facturaci\u00f3n puedo recibir al realizar una compra?&#8221;]Usted recibir\u00e1 una factura &#8221; C&#8221; con su respectivo ticket.[\/vc_toggle][vc_toggle title=&#8221;12- \u00bfCu\u00e1les son las formas de pago?&#8221;]<\/p>\n<ul>\n<li>Todas las tarjetas de cr\u00e9dito Bancarizadas en 1, 3 y 6 pagos s\u00edn inter\u00e9s<\/li>\n<li>Tarjetas de d\u00e9bito<\/li>\n<li>Mercado pago<\/li>\n<li>Pago en efectivo con mercado pago<\/li>\n<li>Tranferencia bancaria<\/li>\n<\/ul>\n<p>[\/vc_toggle][vc_toggle title=&#8221;13- \u00bfC\u00f3mo se realizan los env\u00edos?&#8221;]Ud. podra retirar su producto gratis en el local. (calle 8 n\u00b0442 entre 40 y 41, La Plata, Bs. As.)<br \/>\nDespu\u00e9s de confirmado tu pago despachamos tu producto.<\/p>\n<h5><strong><u>POL\u00cdTICA DE ENVIO DE PRODUCTO<\/u><\/strong><\/h5>\n<p>Las entregas se realizar\u00e1n en la direcci\u00f3n que el usuario ha indicado, ya que puede ser a domicilio o en las sucursales de los dos tipos de correo: oca y correo argentino.<br \/>\nA la hora de efectuar la compra autom\u00e1ticamente se le detallara el costo del envi\u00f3, el mismo varia seg\u00fan el tipo de correo seleccionado, y seg\u00fan el destino.<\/p>\n<p>El tiempo de entrega depende de la ubicaci\u00f3n y distancia del domicilio de entrega , es decir varia seg\u00fan el destino nacional donde se solicite la entrega y la aprobaci\u00f3n del medio de pago.<\/p>\n<ul>\n<li>Los env\u00edos se realizan en toda la rep\u00fablica argentina.<\/li>\n<li>Los Productos ser\u00e1n entregados de lunes a viernes, en d\u00edas h\u00e1biles.<\/li>\n<li>Los Usuarios no podr\u00e1n elegir ni el horario ni el d\u00eda en que se entregar\u00e1n el o los Productos adquiridos.<\/li>\n<li>Es responsabilidad del Usuario completar y revisar cuidadosamente la informaci\u00f3n relacionada con la entrega, para que el env\u00edo de la compra se haga de manera efectiva y puntual.<\/li>\n<li>El seguimiento del env\u00edo se realiza a trav\u00e9s de la plataforma del correo seleccionado con el n\u00famero de env\u00edo.<\/li>\n<li>A la hora de la compra se le enviara un e-mail con el c\u00f3digo de seguimiento y el link del correo correspondiente.<\/li>\n<\/ul>\n<p>[\/vc_toggle][\/vc_column][\/vc_row][vc_row][vc_column][\/vc_column][\/vc_row][vc_row full_width=&#8221;stretch_row_content_no_spaces&#8221; css=&#8221;.vc_custom_1592187885850{margin-bottom: 0px !important;}&#8221;][vc_column][vc_empty_space height=&#8221;70px&#8221;][vc_separator color=&#8221;orange&#8221; border_width=&#8221;2&#8243; css=&#8221;.vc_custom_1592187990063{margin-bottom: 0px !important;}&#8221;][vc_single_image image=&#8221;13846&#8243; img_size=&#8221;full&#8221; alignment=&#8221;center&#8221; css=&#8221;.vc_custom_1596676631649{background-color: #0c0c0c !important;}&#8221;][\/vc_column][\/vc_row][vc_row full_width=&#8221;stretch_row&#8221; el_class=&#8221;ts-aligncenter&#8221; css=&#8221;.vc_custom_1592185673397{background-color: #4c4c4c !important;}&#8221;][vc_column][vc_empty_space height=&#8221;30px&#8221;]<div style=\"background-image:url()\" class=\"ts-mailchimp-subscription-shortcode style-vertical text-light  vertical-button-icon\" ><section class=\"widget-container mailchimp-subscription\"><div class=\"widget-title-wrapper\"><h3 class=\"widget-title heading-title\">SUSCRIBITE A NUESTRO NEWSLETTER<\/h3><div class=\"newsletter\"><p>Suscribite y mantenete informada de todas la novedades y productos de Anna Je Durt<\/p><\/div><\/div>\t\t\t<div class=\"subscribe-widget\" >\n\t\t\t\t\n\t\t\t\t\t\t\t\t\n\t\t\t\t<script>(function() {\n\twindow.mc4wp = window.mc4wp || {\n\t\tlisteners: [],\n\t\tforms: {\n\t\t\ton: function(evt, cb) {\n\t\t\t\twindow.mc4wp.listeners.push(\n\t\t\t\t\t{\n\t\t\t\t\t\tevent   : evt,\n\t\t\t\t\t\tcallback: cb\n\t\t\t\t\t}\n\t\t\t\t);\n\t\t\t}\n\t\t}\n\t}\n})();\n<\/script><!-- Mailchimp for WordPress v4.12.2 - https:\/\/wordpress.org\/plugins\/mailchimp-for-wp\/ --><form id=\"mc4wp-form-1\" class=\"mc4wp-form mc4wp-form-7041\" method=\"post\" data-id=\"7041\" data-name=\"Subscription Form\" ><div class=\"mc4wp-form-fields\"><div class=\"subscribe-email\">\r\n\t<input type=\"email\" name=\"EMAIL\" placeholder=\"Su email...\" required \/>\r\n\t<button class=\"button button-primary\" type=\"submit\"><i class=\"fa fa-paper-plane\"><\/i> Suscribirse<\/button>\r\n<\/div><\/div><label style=\"display: none !important;\">Deja vac\u00edo este campo si eres humano: <input type=\"text\" name=\"_mc4wp_honeypot\" value=\"\" tabindex=\"-1\" autocomplete=\"off\" \/><\/label><input type=\"hidden\" name=\"_mc4wp_timestamp\" value=\"1778167760\" \/><input type=\"hidden\" name=\"_mc4wp_form_id\" value=\"7041\" \/><input type=\"hidden\" name=\"_mc4wp_form_element_id\" value=\"mc4wp-form-1\" \/><div class=\"mc4wp-response\"><\/div><\/form><!-- \/ Mailchimp for WordPress Plugin -->\t\t\t<\/div>\n\n\t\t\t<\/section><\/div>[\/vc_column][\/vc_row]<\/p>\n<\/section>","protected":false},"excerpt":{"rendered":"<p>[vc_row full_width=&#8221;stretch_row_content_no_spaces&#8221; bg_type=&#8221;image&#8221; css=&#8221;.vc_custom_1592188985843{margin-top: -50px !important;padding-top: 80px !important;padding-bottom: 40px !important;background-image: url(https:\/\/annajedurt.com.ar\/wp-content\/uploads\/2020\/06\/Big_Background_4.jpg?id=12186) !important;}&#8221;][vc_column css=&#8221;.vc_custom_1513759806291{padding-bottom: 5% !important;}&#8221;][vc_column_text] Preguntas FRECUENTES [\/vc_column_text][\/vc_column][\/vc_row][vc_row full_width=&#8221;stretch_row&#8221; css=&#8221;.vc_custom_1499851125656{margin-top: -70px !important;padding-top: 80px !important;padding-bottom: 60px !important;background-color: #f9f9f9 !important;}&#8221;][vc_column][vc_toggle title=&#8221;1- \u00bfC\u00f3mo hago para comprar?&#8221; open=&#8221;true&#8221;]1- Naveg\u00e1 por las distintas categor\u00edas y hac\u00e9 click sobre el producto que te interese. 2- Eleg\u00ed color ,talle y cantidad\u00a0 del [&hellip;]<\/p>\n","protected":false},"author":1,"featured_media":0,"parent":0,"menu_order":0,"comment_status":"closed","ping_status":"closed","template":"","meta":{"footnotes":""},"class_list":["post-760","page","type-page","status-publish","hentry"],"_links":{"self":[{"href":"https:\/\/annajedurt.com.ar\/index.php?rest_route=\/wp\/v2\/pages\/760","targetHints":{"allow":["GET"]}}],"collection":[{"href":"https:\/\/annajedurt.com.ar\/index.php?rest_route=\/wp\/v2\/pages"}],"about":[{"href":"https:\/\/annajedurt.com.ar\/index.php?rest_route=\/wp\/v2\/types\/page"}],"author":[{"embeddable":true,"href":"https:\/\/annajedurt.com.ar\/index.php?rest_route=\/wp\/v2\/users\/1"}],"replies":[{"embeddable":true,"href":"https:\/\/annajedurt.com.ar\/index.php?rest_route=%2Fwp%2Fv2%2Fcomments&post=760"}],"version-history":[{"count":0,"href":"https:\/\/annajedurt.com.ar\/index.php?rest_route=\/wp\/v2\/pages\/760\/revisions"}],"wp:attachment":[{"href":"https:\/\/annajedurt.com.ar\/index.php?rest_route=%2Fwp%2Fv2%2Fmedia&parent=760"}],"curies":[{"name":"wp","href":"https:\/\/api.w.org\/{rel}","templated":true}]}}